{"id":2,"date":"2011-08-26T13:17:50","date_gmt":"2011-08-26T12:17:50","guid":{"rendered":"http:\/\/blogg.fumei.se\/\/?page_id=2"},"modified":"2024-06-17T11:35:13","modified_gmt":"2024-06-17T09:35:13","slug":"about","status":"publish","type":"page","link":"https:\/\/blogg.fumei.se\/?page_id=2","title":{"rendered":"Vem \u00e4r jag?"},"content":{"rendered":"\n<p><strong>Mamma, dotter, mormor, syster, moster, faster, flickv\u00e4n, kompis, kollega<\/strong>. <br \/>Helt vanlig men alldeles unik.<\/p>\n\n\n\n<p>Mor till tv\u00e5, mormor till tv\u00e5. <br \/>Arbetar som undersk\u00f6terska p\u00e5 en v\u00e5rdcentral, gillar att l\u00e4sa (tempelriddare och konspirationsteorier samt medeltiden och livet f\u00f6rr i allm\u00e4nhet, varvat med kriminalromaner).<\/p>\n\n\n\n<p>V\u00e4ldigt f\u00f6rtjust i att ligga p\u00e5 soffan och se p\u00e5 film och serier (g\u00e4rna brittiska deckare), avskyr spindlar och gillar inte heller broar och h\u00f6jder s\u00e4rskilt mycket. Lyssnar mycket p\u00e5 musik, men inget NRJ-skval f\u00f6r min del, tack!<\/p>\n\n\n\n<p>Sambo med Mikael och varannan vecka \u00e4ven bonussonen. <br \/>Katt\u00e4lskare av f\u00f6dsel och ohejdad vana (har dock ingen egen katt nu).<\/p>\n\n\n\n<p>Anv\u00e4nder bloggen f\u00f6r att skriva av mig och f\u00f6r att uppdatera v\u00e4nner och familj, \u00e4ven om det ibland blir lite v\u00e4l l\u00e5nga pauser mellan inl\u00e4ggen.<\/p>\n","protected":false},"excerpt":{"rendered":"<p>Mamma, dotter, mormor, syster, moster, faster, flickv\u00e4n, kompis, kollega. Helt vanlig men alldeles unik. Mor till tv\u00e5, mormor till tv\u00e5. Arbetar som undersk\u00f6terska p\u00e5 en v\u00e5rdcentral, gillar att l\u00e4sa (tempelriddare och konspirationsteorier samt medeltiden och livet f\u00f6rr i allm\u00e4nhet, varvat med kriminalromaner). V\u00e4ldigt f\u00f6rtjust i att ligga p\u00e5 soffan och se p\u00e5 film och serier&#8230;<\/p>\n","protected":false},"author":1,"featured_media":0,"parent":0,"menu_order":1,"comment_status":"open","ping_status":"closed","template":"","meta":{"footnotes":""},"class_list":["post-2","page","type-page","status-publish","hentry"],"jetpack_shortlink":"https:\/\/wp.me\/P3qko4-2","jetpack_sharing_enabled":true,"jetpack_likes_enabled":true,"jetpack-related-posts":[],"_links":{"self":[{"href":"https:\/\/blogg.fumei.se\/index.php?rest_route=\/wp\/v2\/pages\/2","targetHints":{"allow":["GET"]}}],"collection":[{"href":"https:\/\/blogg.fumei.se\/index.php?rest_route=\/wp\/v2\/pages"}],"about":[{"href":"https:\/\/blogg.fumei.se\/index.php?rest_route=\/wp\/v2\/types\/page"}],"author":[{"embeddable":true,"href":"https:\/\/blogg.fumei.se\/index.php?rest_route=\/wp\/v2\/users\/1"}],"replies":[{"embeddable":true,"href":"https:\/\/blogg.fumei.se\/index.php?rest_route=%2Fwp%2Fv2%2Fcomments&post=2"}],"version-history":[{"count":19,"href":"https:\/\/blogg.fumei.se\/index.php?rest_route=\/wp\/v2\/pages\/2\/revisions"}],"predecessor-version":[{"id":7043,"href":"https:\/\/blogg.fumei.se\/index.php?rest_route=\/wp\/v2\/pages\/2\/revisions\/7043"}],"wp:attachment":[{"href":"https:\/\/blogg.fumei.se\/index.php?rest_route=%2Fwp%2Fv2%2Fmedia&parent=2"}],"curies":[{"name":"wp","href":"https:\/\/api.w.org\/{rel}","templated":true}]}}